{"id":1221,"date":"2013-02-10T00:35:21","date_gmt":"2013-02-10T00:35:21","guid":{"rendered":"http:\/\/svbb.smuemd.de\/\/\/?page_id=1221"},"modified":"2014-11-11T19:46:43","modified_gmt":"2014-11-11T17:46:43","slug":"unser-netzwerk","status":"publish","type":"page","link":"https:\/\/solarverein-berlin.de\/?page_id=1221","title":{"rendered":"Unser Netzwerk"},"content":{"rendered":"<h4>In Zusammenarbeit mit dem Solarverein Berlin e.V. sind inzwischen verschiedene B\u00fcrgersolar-Initiativen im Land Brandenburg, in Mecklenburg-Vorpommern und andernorts entstanden.<\/h4>\n<p><strong>Sonnenstrom GbR &#8211; B\u00fcrger-Solaranlage in Caputh<\/strong><br \/>\nAnsprechpartner: J\u00f6rg-Uwe Fischer<\/p>\n<p><strong>Wandlitz erneuerbar &#8211; Verein f\u00fcr neue Energien und Umwelt<\/strong><br \/>\nWebseite:\u00a0<a title=\"http:\/\/www.wandlitz-erneuerbar.de\/\" href=\"http:\/\/www.wandlitz-erneuerbar.de\/\" target=\"_blank\">www.wandlitz-erneuerbar.de<\/a><br \/>\nAnsprechpartner: Ren\u00e9 Berger (<a href=\"mailto:energieautarkes-wandlitz@t-online.de\" target=\"_blank\">energieautarkes-wandlitz@t-online.de<\/a>)<\/p>\n<p><strong>B\u00fcrgersolaranlagen in Falkensee<\/strong><br \/>\nWebseite:\u00a0<a title=\"http:\/\/www.agenda21-falkensee.de\/\" href=\"http:\/\/www.agenda21-falkensee.de\/\" target=\"_blank\">www.agenda21-falkensee.de<\/a><br \/>\nAnsprechpartner: Guenther Knoeppler<\/p>\n<p><strong>B\u00fcrgersolarverein Neustrelitz e. V.<\/strong><br \/>\nWebseite:\u00a0<a href=\"http:\/\/www.buergersolar-neustrelitz.de\/\" target=\"_blank\">www.buergersolar-neustrelitz.de<\/a><br \/>\nAnsprechpartner: Hendrik Fulda<\/p>\n<p><strong>B\u00fcrger-Solaranlagen in Brandenburg an der Havel<\/strong><br \/>\nAnsprechpartner: Karl-Heinz Schulze (<a href=\"mailto:mia.schulze@t-online.de\" target=\"_blank\">mia.schulze@t-online.de<\/a>)<\/p>\n<p><strong>B\u00fcrger-Solaranlage in Kleinmachnow<\/strong><br \/>\nWebseite:\u00a0<a href=\"http:\/\/www.solar-kleinmachnow.de\/\" target=\"_blank\">www.solar-kleinmachnow.de<\/a><br \/>\nAnsprechpartner: Dr. Axel C. W. Mueller (<a href=\"mailto:a.mueller@solar-kleinmachnow.de\" target=\"_blank\">a.mueller@solar-kleinmachnow.de<\/a>)<\/p>\n<p><strong>B\u00fcrger-Solaranlagen in Potsdam<\/strong><br \/>\nWebseite:\u00a0<a title=\"http:\/\/www.potsdamer-solarverein.de\/\" href=\"http:\/\/www.potsdamer-solarverein.de\/\" target=\"_blank\">www.potsdamer-solarverein.de<\/a> und <a title=\"http:\/\/www.neue-energie-genossenschaft.de\/\" href=\"http:\/\/www.neue-energie-genossenschaft.de\/\" target=\"_blank\">www.neue-energie-genossenschaft.de<\/a><br \/>\nAnsprechpartner: Sophie Haebel (<a href=\"mailto:mail@neue-energie-genossenschaft.de\" target=\"_blank\">mail@neue-energie-genossenschaft.de<\/a>)<\/p>\n<p><strong>B\u00fcrgersolar-Anlage in Eberswalde<\/strong><br \/>\nAnsprechpartner: Thorsten Kleinteich (<a href=\"mailto:kv.barnim@gruene.de\" target=\"_blank\">kv.barnim@gruene.de<\/a>)<\/p>\n<p><strong>Solarverein Neuenhagen e.V.<\/strong><br \/>\nWebseite: <a title=\"http:\/\/www.solarverein-neuenhagen.de\/\" href=\"http:\/\/www.solarverein-neuenhagen.de\/\" target=\"_blank\">www.solarverein-neuenhagen.de<\/a><br \/>\nAnsprechpartner: Michael Jungclaus (<a href=\"mailto:info@solarverein-neuenhagen.de\" target=\"_blank\">info@solarverein-neuenhagen.de<\/a>)<\/p>\n<p><strong>B\u00fcrgersolaranlage in Panketal<\/strong><br \/>\nWebseite: <a title=\"http:\/\/www.buergersolar-panketal.de\/\" href=\"http:\/\/www.buergersolar-panketal.de\/\" target=\"_blank\">www.buergersolar-panketal.de<\/a><br \/>\nAnsprechpartner: Andreas Neumann (<a href=\"mailto:mail@buergersolar-panketal.de\" target=\"_blank\">mail@buergersolar-panketal.de<\/a>)<\/p>\n<p><strong>B\u00fcrgersolaranlage in Beelitz<\/strong><br \/>\nWebseite: <a title=\"http:\/\/www.elke-seidel.de\/ersteBbgSolar\" href=\"http:\/\/www.elke-seidel.de\/ersteBbgSolar\" target=\"_blank\">www.elke-seidel.de\/ersteBbgSolar<\/a><br \/>\nAnsprechpartner: Elke Seidel (<a href=\"mailto:postan@elke-seidel.de\" target=\"_blank\">postan@elke-seidel.de<\/a>)<br \/>\nWeitere Informationen \u00fcber die Beelitzer Solaranlage gibt es auch <a href=\"http:\/\/www.solarverein-berlin.de\/Solar_agenda_PREIS2005.pdf\" target=\"_blank\">hier<\/a><\/p>\n<h4>Links zu weiteren Solarvereinen und B\u00fcrgersolaranlagen:<\/h4>\n<ul>\n<li><span style=\"line-height: 1.6;\"><a title=\"http:\/\/www.osztiem.com\/\" href=\"http:\/\/www.osztiem.com\/\" target=\"_blank\">www.osztiem.de<\/a> &#8211; Standort der 3. Berliner B\u00fcrgersolaranlage<\/span><\/li>\n<li><a title=\"http:\/\/www.solarverein-muenchen.de\" href=\"http:\/\/www.solarverein-muenchen.de\" target=\"_blank\"><span style=\"line-height: 1.6;\">www.solarverein-muenchen.de<\/span><\/a><\/li>\n<li><a title=\"http:\/\/www.solarverein-geltendorf.de\" href=\"http:\/\/www.solarverein-geltendorf.de\" target=\"_blank\"><span style=\"line-height: 1.6;\">www.solarverein-geltendorf.de<\/span><\/a><\/li>\n<li><a title=\"www.solarverein-ditzingen.de\" href=\"http:\/\/www.solarverein-ditzingen.de\" target=\"_blank\"><span style=\"line-height: 1.6;\">www.solarverein-ditzingen.de<\/span><\/a><\/li>\n<li><a title=\"www.solarstadt.de\" href=\"http:\/\/www.solarstadt.de\" target=\"_blank\"><span style=\"line-height: 1.6;\">www.solarstadt.de<\/span><\/a><\/li>\n<li><span style=\"line-height: 1.6;\"><a title=\"http:\/\/www.nordlicht.uni-kiel.de\/\" href=\"http:\/\/www.nordlicht.uni-kiel.de\/\" target=\"_blank\">www.nordlicht.uni-kiel.de<\/a><\/span><\/li>\n<li><span style=\"line-height: 1.6;\"><a title=\"www.sonnenkraft-ainring.de\" href=\"http:\/\/www.sonnenkraft-ainring.de\" target=\"_blank\">www.sonnenkraft-ainring.de<\/a><\/span><\/li>\n<li><a title=\"http:\/\/www.stuttgart-solar.de\/\" href=\"http:\/\/www.stuttgart-solar.de\/\" target=\"_blank\"><span style=\"line-height: 1.6;\">www.stuttgart-solar.de<\/span><\/a><\/li>\n<li><a title=\"http:\/\/www.tauber-solar.de\/\" href=\"http:\/\/www.tauber-solar.de\/\" target=\"_blank\"><span style=\"line-height: 1.6;\">www.tauber-solar.de<\/span><\/a><\/li>\n<li><a title=\"http:\/\/www.solarfreunde-moosburg.de\/\" href=\"http:\/\/www.solarfreunde-moosburg.de\/\" target=\"_blank\"><span style=\"line-height: 1.6;\">www.solarfreunde-moosburg.de<\/span><\/a><\/li>\n<li><a title=\"http:\/\/www.solarverein-trier.de\/\" href=\"http:\/\/www.solarverein-trier.de\/\" target=\"_blank\"><span style=\"line-height: 1.6;\">www.solarverein-trier.de<\/span><\/a><\/li>\n<li><a title=\"http:\/\/www.solarverein-marbach.de\/\" href=\"http:\/\/www.solarverein-marbach.de\/\" target=\"_blank\"><span style=\"line-height: 1.6;\">www.solarverein-marbach.de<\/span><\/a><\/li>\n<li><a title=\"www.solarverein-amberg.de\" href=\"www.solarverein-amberg.de\" target=\"_blank\"><span style=\"line-height: 1.6;\">www.solarverein-amberg.de<\/span><\/a><\/li>\n<li><span style=\"line-height: 1.6;\"><a title=\"http:\/\/www.solar-verein.de\/\" href=\"http:\/\/www.solar-verein.de\/\" target=\"_blank\">www.solar-verein.de<\/a>\u00a0&#8211;\u00a0Solar-Verein Wagh\u00e4usel e.V.<\/span><\/li>\n<li><span style=\"line-height: 1.6;\"><a title=\"http:\/\/www.rosolar.de\/\" href=\"http:\/\/www.rosolar.de\/\" target=\"_blank\">www.rosolar.de<\/a>\u00a0&#8211;\u00a0Rosenheimer Solarf\u00f6rderverein e.V.<\/span><\/li>\n<li><span style=\"line-height: 1.6;\"><a title=\"http:\/\/www.solarkreis.de\/\" href=\"http:\/\/www.solarkreis.de\/\" target=\"_blank\">www.solarkreis.de<\/a>\u00a0&#8211;\u00a0F\u00f6rderkreis Solar- und Windenergie Neumarkt e.V.<\/span><\/li>\n<\/ul>\n<h4>Allgemeine Links mit Solarenergie-Informationen:<\/h4>\n<ul>\n<li><a title=\"http:\/\/www.atomausstieg-selber-machen.de\/\" href=\"http:\/\/www.atomausstieg-selber-machen.de\/\" target=\"_blank\"><span style=\"line-height: 1.6;\">www.atomausstieg-selber-machen.de<\/span><\/a><\/li>\n<li><a title=\"http:\/\/www.solarbetreiber.de\/\" href=\"http:\/\/www.solarbetreiber.de\/\" target=\"_blank\"><span style=\"line-height: 1.6;\">www.solarbetreiber.de<\/span><\/a> bietet u.a. Infos mit n\u00fctzlichen Tipps f\u00fcr Solarbetreiber<\/li>\n<li><a title=\"http:\/\/www.beck-solar.de\/?id=108\" href=\"http:\/\/www.beck-solar.de\/?id=108\" target=\"_blank\"><span style=\"line-height: 1.6;\">Aktuelle Verg\u00fctungss\u00e4tze und Rentabilit\u00e4tsrechner<\/span><\/a><\/li>\n<li><a title=\"http:\/\/pvspeicher.htw-berlin.de\/onlinetools\/\" href=\"http:\/\/pvspeicher.htw-berlin.de\/onlinetools\/\" target=\"_blank\"><span style=\"line-height: 1.6;\">HTW-Rechner f\u00fcr die Eigenstromnutzung<\/span><\/a><\/li>\n<li><a title=\"http:\/\/www.photovoltaik-kress.de\" href=\"http:\/\/www.photovoltaik-kress.de\" target=\"_blank\"><span style=\"line-height: 1.6;\">www.photovoltaik-kress.de<\/span><\/a><\/li>\n<li><span style=\"line-height: 1.6;\"><a title=\"http:\/\/www.anwaltskanzlei-im-sic.de\/solarrecht\/\" href=\"http:\/\/www.anwaltskanzlei-im-sic.de\/solarrecht\/\" target=\"_blank\">www.anwaltskanzlei-im-sic.de<\/a> &#8211; Rechtsanwalt f\u00fcr Solarenergie-Recht<\/span><\/li>\n<li><a title=\"http:\/\/www.eurosolar.de\/\" href=\"http:\/\/www.eurosolar.de\/\" target=\"_blank\"><span style=\"line-height: 1.6;\">www.eurosolar.org<\/span><\/a><\/li>\n<li><a title=\"http:\/\/www.dgs.de\/\" href=\"http:\/\/www.dgs.de\/\" target=\"_blank\">Deutschen Gesellschaft f\u00fcr Sonnenenergie e.V.<\/a><\/li>\n<li><a title=\"http:\/\/www.pv-ertraege.de\/\" href=\"http:\/\/www.pv-ertraege.de\/\" target=\"_blank\"><span style=\"line-height: 1.6;\">www.pv-ertraege.de<\/span><\/a><\/li>\n<li><a title=\"http:\/\/www.top50-solar.de\/\" href=\"http:\/\/www.top50-solar.de\/\" target=\"_blank\"><span style=\"line-height: 1.6;\">www.top50-solar.de<\/span><\/a><\/li>\n<li><a title=\"www.stiftung-solarenergie.de\" href=\"http:\/\/www.stiftung-solarenergie.de\" target=\"_blank\">www.stiftung-solarenergie.de<\/a><\/li>\n<li><a title=\"http:\/\/www.solartechnikberater.de\/\" href=\"http:\/\/www.solartechnikberater.de\/\" target=\"_blank\">www.solartechnikberater.de<\/a><\/li>\n<li><a title=\"http:\/\/www.solarwirtschaft.de\/\" href=\"http:\/\/www.solarwirtschaft.de\/\" target=\"_blank\">Bundesverband Solarwirtschaft<\/a><\/li>\n<li><a title=\"http:\/\/www.woche-der-sonne.de\/\" href=\"http:\/\/www.woche-der-sonne.de\/\" target=\"_blank\">www.woche-der-sonne.de<\/a><\/li>\n<li><a title=\"http:\/\/www.sfv.de\/\" href=\"http:\/\/www.sfv.de\/\" target=\"_blank\">Solarenergie-F\u00f6rderverein Deutschland e.V<\/a>.<\/li>\n<li><a title=\"http:\/\/www.solarenergie-mv.de\/\" href=\"http:\/\/www.solarenergie-mv.de\/\" target=\"_blank\"><span style=\"line-height: 1.6;\">www.solarenergie-mv.de<\/span><\/a><\/li>\n<li><a title=\"http:\/\/www.fesa.de\/\" href=\"http:\/\/www.fesa.de\/\" target=\"_blank\"><span style=\"line-height: 1.6;\">www.fesa.de<\/span><\/a><\/li>\n<li><a title=\"www.fotovoltaik32.de\" href=\"http:\/\/www.fotovoltaik32.de\" target=\"_blank\"><span style=\"line-height: 1.6;\">www.fotovoltaik32.de<\/span><\/a><\/li>\n<\/ul>\n<p>Trotz sorgf\u00e4ltiger inhaltlicher Kontrolle \u00fcbernehmen wir keine Haftung f\u00fcr die Inhalte externer Links.<\/p>\n<p>F\u00fcr den Inhalt der verlinkten Seiten sind ausschlie\u00dflich deren Betreiber verantwortlich.<\/p>\n","protected":false},"excerpt":{"rendered":"<p>In Zusammenarbeit mit dem Solarverein Berlin e.V. sind inzwischen verschiedene B\u00fcrgersolar-Initiativen im Land Brandenburg, in Mecklenburg-Vorpommern und andernorts entstanden. Sonnenstrom GbR &#8211; B\u00fcrger-Solaranlage in Caputh Ansprechpartner: J\u00f6rg-Uwe Fischer Wandlitz erneuerbar &#8211; Verein f\u00fcr neue Energien und Umwelt Webseite:\u00a0www.wandlitz-erneuerbar.de Ansprechpartner: Ren\u00e9 <a class=\"read-more\" href=\"https:\/\/solarverein-berlin.de\/?page_id=1221\">&hellip; Weiterlesen &rarr;<\/a><\/p>\n","protected":false},"author":2,"featured_media":0,"parent":38,"menu_order":3,"comment_status":"closed","ping_status":"closed","template":"page-templates\/left-nav-page.php","meta":{"footnotes":""},"class_list":["post-1221","page","type-page","status-publish","hentry"],"_links":{"self":[{"href":"https:\/\/solarverein-berlin.de\/index.php?rest_route=\/wp\/v2\/pages\/1221","targetHints":{"allow":["GET"]}}],"collection":[{"href":"https:\/\/solarverein-berlin.de\/index.php?rest_route=\/wp\/v2\/pages"}],"about":[{"href":"https:\/\/solarverein-berlin.de\/index.php?rest_route=\/wp\/v2\/types\/page"}],"author":[{"embeddable":true,"href":"https:\/\/solarverein-berlin.de\/index.php?rest_route=\/wp\/v2\/users\/2"}],"replies":[{"embeddable":true,"href":"https:\/\/solarverein-berlin.de\/index.php?rest_route=%2Fwp%2Fv2%2Fcomments&post=1221"}],"version-history":[{"count":4,"href":"https:\/\/solarverein-berlin.de\/index.php?rest_route=\/wp\/v2\/pages\/1221\/revisions"}],"predecessor-version":[{"id":1568,"href":"https:\/\/solarverein-berlin.de\/index.php?rest_route=\/wp\/v2\/pages\/1221\/revisions\/1568"}],"up":[{"embeddable":true,"href":"https:\/\/solarverein-berlin.de\/index.php?rest_route=\/wp\/v2\/pages\/38"}],"wp:attachment":[{"href":"https:\/\/solarverein-berlin.de\/index.php?rest_route=%2Fwp%2Fv2%2Fmedia&parent=1221"}],"curies":[{"name":"wp","href":"https:\/\/api.w.org\/{rel}","templated":true}]}}