{"id":1305,"date":"2014-06-25T13:12:34","date_gmt":"2014-06-25T13:12:34","guid":{"rendered":"http:\/\/svbb.smuemd.de\/?page_id=1305"},"modified":"2014-12-20T17:53:21","modified_gmt":"2014-12-20T15:53:21","slug":"wie-weiter-mit-buergersolar","status":"publish","type":"page","link":"https:\/\/solarverein-berlin.de\/?page_id=1305","title":{"rendered":"Wie weiter mit B\u00fcrgersolar?"},"content":{"rendered":"<p>Die bisherige Form der B\u00fcrger-Solaranlage fu\u00dfte auf der Grundlage des Erneuerbare Energien Gesetzes (EEG) vor 2010. Danach wurde der eingespeiste Strom entsprechend der Verg\u00fctung bei Aufbau der Anlage staatlich garantiert \u00fcber 20 Jahre verg\u00fctet. Durch diese feststehende Verg\u00fctung konnten die Anlagen plus Gewinn refinanziert wurden.<\/p>\n<p>Wie man an der Statik des Solarvereins Berlin-Brandenburg e.V. und bei vielen anderen B\u00fcrger-Solarinitiativen sehen kann, entstand <strong>nach 2009 ein Bruch im Neubau von B\u00fcrger-Solaranlagen<\/strong>. Durch die vielfachen \u00c4nderungen des EEG ist eine gro\u00dfe Verunsicherung entstanden und die Bedingungen zum Bau von B\u00fcrger-Solaranlagen haben sich gravierend ge\u00e4ndert.<\/p>\n<ul>\n<li>die Eigennutzung des auf einem Geb\u00e4ude erzeugten Stroms kommt bei \u00f6ffentlichen Geb\u00e4uden durch \u00fcbergeordnete Vertragsbindungen an seine Grenzen,<\/li>\n<li>eine langfristige Planung ist durch st\u00e4ndig sich \u00e4ndernde Bedingungen kaum m\u00f6glich,<\/li>\n<li>die gesunkenen Kosten der Module stehen in keinem Verh\u00e4ltnis zu den Nebenkosten, die die Verwaltung einer B\u00fcrger-Solargemeinschaft mit sich bringen,<\/li>\n<li>last not least sind viele aktive MitstreiterInnen in ein Alter gekommen, indem man keine Projekte mit 20 Jahren Laufzeit auf die Wege bringt.<\/li>\n<\/ul>\n<p>Neue Initiativen m\u00fcssen deshalb neue Wege gehen, um die Idee der Energie aus B\u00fcrgerhand am Leben zu erhalten. Neue kreative und flexible Projekte sind gefragt, die sich nicht mehr an der EEG-Verg\u00fctung sondern an der Wirtschaftlichkeit orientieren m\u00fcssen.<\/p>\n<ul>\n<li>Der Nutzer muss stromintensiv genug sein, um den auf dem Dach erzeugten Strom nutzen zu k\u00f6nnen,<\/li>\n<li>\u00a0die Gesellschaftsform sollte \u00fcberdacht werden, da zum Beispiel das Genossenschaftsmodell flexibler als eine GbR auf \u00c4nderungen reagieren und Verluste abfangen kann,<\/li>\n<li>die Bedingungen, wie Modulausrichtung, Modulauswahl muss optimal sein,<\/li>\n<li>lieber nur eine kleinere Anlage auf einem gro\u00dfen Dach unterbringen, wenn man gleichzeitig die Sicherheit hat, dass der erzeugte Strom zu 100 % abgenommen wird.<\/li>\n<\/ul>\n<p>Der Solarverein Berlin-Brandenburg e.V. plant zur Zeit keine eigenen Anlagen, <strong>begleitet aber gerne Projekte und Neuinitiativen und tr\u00e4gt zur Ideenfindung bei.<\/strong><\/p>\n<p>&nbsp;<\/p>\n","protected":false},"excerpt":{"rendered":"<p>Die bisherige Form der B\u00fcrger-Solaranlage fu\u00dfte auf der Grundlage des Erneuerbare Energien Gesetzes (EEG) vor 2010. Danach wurde der eingespeiste Strom entsprechend der Verg\u00fctung bei Aufbau der Anlage staatlich garantiert \u00fcber 20 Jahre verg\u00fctet. Durch diese feststehende Verg\u00fctung konnten die <a class=\"read-more\" href=\"https:\/\/solarverein-berlin.de\/?page_id=1305\">&hellip; Weiterlesen &rarr;<\/a><\/p>\n","protected":false},"author":2,"featured_media":0,"parent":29,"menu_order":0,"comment_status":"closed","ping_status":"closed","template":"page-templates\/left-nav-page.php","meta":{"footnotes":""},"class_list":["post-1305","page","type-page","status-publish","hentry"],"_links":{"self":[{"href":"https:\/\/solarverein-berlin.de\/index.php?rest_route=\/wp\/v2\/pages\/1305","targetHints":{"allow":["GET"]}}],"collection":[{"href":"https:\/\/solarverein-berlin.de\/index.php?rest_route=\/wp\/v2\/pages"}],"about":[{"href":"https:\/\/solarverein-berlin.de\/index.php?rest_route=\/wp\/v2\/types\/page"}],"author":[{"embeddable":true,"href":"https:\/\/solarverein-berlin.de\/index.php?rest_route=\/wp\/v2\/users\/2"}],"replies":[{"embeddable":true,"href":"https:\/\/solarverein-berlin.de\/index.php?rest_route=%2Fwp%2Fv2%2Fcomments&post=1305"}],"version-history":[{"count":1,"href":"https:\/\/solarverein-berlin.de\/index.php?rest_route=\/wp\/v2\/pages\/1305\/revisions"}],"predecessor-version":[{"id":1631,"href":"https:\/\/solarverein-berlin.de\/index.php?rest_route=\/wp\/v2\/pages\/1305\/revisions\/1631"}],"up":[{"embeddable":true,"href":"https:\/\/solarverein-berlin.de\/index.php?rest_route=\/wp\/v2\/pages\/29"}],"wp:attachment":[{"href":"https:\/\/solarverein-berlin.de\/index.php?rest_route=%2Fwp%2Fv2%2Fmedia&parent=1305"}],"curies":[{"name":"wp","href":"https:\/\/api.w.org\/{rel}","templated":true}]}}