{"id":1769,"date":"2019-04-11T09:48:26","date_gmt":"2019-04-11T07:48:26","guid":{"rendered":"http:\/\/solarverein-berlin.de\/?page_id=1769"},"modified":"2019-04-11T09:48:26","modified_gmt":"2019-04-11T07:48:26","slug":"datenschutzerklaerung","status":"publish","type":"page","link":"https:\/\/solarverein-berlin.de\/?page_id=1769","title":{"rendered":"Datenschutzerkl\u00e4rung"},"content":{"rendered":"<p><strong><strong>Datenschutzerkl\u00e4rung <\/strong> Solarverein Berlin-Brandenburg e.V.<\/strong><br \/>\n<strong>Allgemein<\/strong><br \/>\nWir m\u00f6chten Sie, den Nutzer dieser Website, hier \u00fcber Art, Umfang und Zweck der Erhebung und Verarbeitung von personenbezogenen Daten (z.B. Name, Adresse, E-Mail-Adresse, Nutzerverhalten oder IP-Adresse) informieren.<br \/>\nDer Datenschutz f\u00fcr diese Website unterliegt den Bestimmungen des Bundesdatenschutzgesetzes (BDSG) und des Telemediengesetzes (TMG).<br \/>\nWir stellen sicher, dass die Vorschriften \u00fcber den Datenschutz sowohl von uns als auch von externen Dienstleistern beachtet werden.<br \/>\nPersonenbezogene Daten werden nur erhoben und verarbeitet soweit:<br \/>\n\u2022\tDies zur Bereitstellung und Funktionsf\u00e4higkeit dieser Website notwendig ist.<br \/>\n\u2022\tSie uns eine Einwilligung hierf\u00fcr erteilt haben.<br \/>\n\u2022\tDie Erhebung und Verarbeitung gesetzlich vorgeschrieben ist.<br \/>\nPersonenbezogene Daten werden grunds\u00e4tzlich nicht an Dritte weitergegeben, au\u00dfer:<br \/>\n\u2022\tDie Daten werden im Rahmen der Auftragsverarbeitung an Dienstleister weitergegeben, mit denen wir einen Vertrag zur Auftragsverarbeitung (AV) nach Art. 28 DS-GVO geschlossen haben.<br \/>\n\u2022\tSie erteilen uns explizit eine Einwilligung hierf\u00fcr.<br \/>\n\u2022\tWir werden durch Gerichtsbeschluss zur Weitergabe verpflichtet.<br \/>\nIhre personenbezogenen Daten werden gel\u00f6scht oder gesperrt sobald:<br \/>\n\u2022\tDer Zweck der Speicherung entf\u00e4llt.<br \/>\n\u2022\tKeine gesetzlichen Vorschriften eine Speicherung vorschreiben.<br \/>\nStand: 23.05.2018<br \/>\nVerantwortlich f\u00fcr den Datenschutz:<br \/>\nSolarverein Berlin-Brandenburg e.V.<br \/>\nPaulsenstra\u00dfe 55\/56<br \/>\n12163 Berlin<br \/>\nTel. (030) 82097-236<br \/>\neMail info[at]solarverein-berlin.de <\/p>\n<p>Beauftragter f\u00fcr den Datenschutz<br \/>\nSolarverein Berlin-Brandenburg e.V.<br \/>\nHerr Klaus B\u00fcge<br \/>\nPaulsenstra\u00dfe 55\/56<br \/>\n12163 Berlin<br \/>\nTel. (030) 82097-236<br \/>\neMail info[at]solarverein-berlin.de <\/p>\n<p>Informationen \u00fcber Ihre Rechte auf Auskunft, Berichtigung, L\u00f6schung, Widerruf, etc. finden Sie am Ende dieser Datenschutzerkl\u00e4rung.<\/p>\n<p><strong>Zugriffsdaten<\/strong><br \/>\n<strong>Log-Files auf dem Server<\/strong><br \/>\nIhr Browser \u00fcbermittelt automatisch Informationen an den Server dieser Website. Diese Informationen werden in sogenannten Log-Files gespeichert. Es handelt sich um folgende Informationen:<br \/>\n\u2022\tDatum und Uhrzeit der Anfrage, sowie Zeitzonendifferenz zu GMT<br \/>\n\u2022\tDatei oder Ressource, auf die Zugriff genommen wird, sowie \u00fcbertragene Datenmenge<br \/>\n\u2022\tReferrer URL<br \/>\n\u2022\tIP-Adresse des zugreifenden Rechners<br \/>\n\u2022\tHostname und Betriebssystem des zugreifenden Rechners<br \/>\n\u2022\tKennung, Sprache und Version des Browser<br \/>\nWir verwenden diese Daten ausschlie\u00dflich zur Erstellung von Auslastungsstatistiken, um einen sicheren und stabilen Betrieb des Webservers zu gew\u00e4hrleisten. Hierin liegt unser berechtigtes Interesse an der Erhebung, Speicherung und Verarbeitung der Daten.<br \/>\nDiese Daten werden nicht an Dritte weitergegeben.<br \/>\nDiese Daten werden nicht mit anderen Datenquellen durch uns zusammengef\u00fchrt und nicht zusammen mit anderen personenbezogen Daten gespeichert.<br \/>\nWir behalten uns vor, diese Daten detailliert auszuwerten, wenn uns konkrete Anhaltspunkte vorliegen, die eine rechtswidrige Nutzung der angebotenen Dienste nahelegen.<br \/>\nDiese Daten werden automatisch in regelm\u00e4\u00dfigen Abst\u00e4nden gel\u00f6scht. Die Aufbewahrungsfrist betr\u00e4gt: 14 Tage<br \/>\nProvider und Serverstandort<br \/>\nWir betreiben diese Website bei einem Hosting-Dienstleister, der sich per DS-GVO konformen Zusatzvertrag zur Auftragsverarbeitung uns gegen\u00fcber verpflichtet hat,<br \/>\n\u2022\tdie Daten der Website und etwaige personenbezogene Daten der Nutzer innerhalb der EU zu speichern und zu verarbeiten.<br \/>\n\u2022\tdie Daten gem\u00e4\u00df den Vorschriften des BDSG zu speichern und zu verarbeiten.<br \/>\n\u2022\tdem Stand der Technik entsprechend auf technisch- und personeller-Ebene Sicherungsmassnahmen durchzuf\u00fchren, um Datenverlust zu verhindern.<br \/>\nDer Server dieses Webauftritts befindet sich in Deutschland.<\/p>\n<p><strong>Verschl\u00fcsselung<\/strong><br \/>\nDieser Webauftritt \u00fcbertr\u00e4gt die Daten standardm\u00e4\u00dfig verschl\u00fcsselt. Hierf\u00fcr wird die so genannte SSL-Verschl\u00fcsselung verwendet. Das hierf\u00fcr ben\u00f6tigte SSL-Zertifikat, das auf unserem Server installiert ist, wurde von einer unabh\u00e4ngigen Organisation ausgestellt.<br \/>\nEine verschl\u00fcsselte Verbindung erkennen Sie daran, dass die Adresszeile des Browsers von http:\/\/ auf https:\/\/ wechselt.<br \/>\nSobald die verschl\u00fcsselte SSL-Verbindung hergestellt ist, k\u00f6nnen Ihre Eingaben, welche Sie ggf. \u00fcbermitteln, nicht mehr ohne weiteres von Dritten mitgelesen werden.<br \/>\n<strong>Cookies<\/strong><br \/>\nDiese Website nutzt &#8222;Cookies&#8220;. Cookies sind kleine Textdateien, die auf Ihrem Rechner gespeichert werden. Da sie nicht als Programmcode ausgef\u00fchrt werden k\u00f6nnen, richten sie keinen Schaden an und k\u00f6nnen keine Viren enthalten. Sie dienen dazu, das Angebot der Website nutzerfreundlich und effektiv zu gestalten. Hierin liegt unser berechtigtes Interesse an der Datenverarbeitung.<br \/>\nStandardm\u00e4\u00dfig ist die Verwendung von Cookies in den meisten Browsern gestattet. Sie k\u00f6nnen die Verwendung von Cookies \u00fcber die Einstellungen Ihres Browsers jederzeit individuell anpassen, bzw. Cookies l\u00f6schen. Eine Beschreibung, wie Sie Cookies l\u00f6schen oder Einstellungen zu Cookies vornehmen, finden Sie in der Hilfefunktion Ihres Browsers.<br \/>\nSitzungs-Cookies<br \/>\nDie Cookies, die von der Website gesetzt werden, sind sogenannte Sitzungs-Cookies. Diese werden mit dem Schlie\u00dfen Ihres Browsers automatisch von Ihrem Rechner gel\u00f6scht.<br \/>\nFolgende Sitzungs-Cookies werden gesetzt:<br \/>\n\u2022\tPHPSESSID, typo_fe_user (Login-Bereich)<br \/>\n\u2022\t_pk_ses (Piwik\/Matomo), _PIWIK_SESSID (Piwik\/Matomo)<br \/>\nDiese Daten werden automatisch gel\u00f6scht. Die Aufbewahrungsfrist betr\u00e4gt: Dauer Ihrer Browser-Sitzung<br \/>\nPersistente Cookies<br \/>\nDiese Website verwendet dar\u00fcber hinaus Cookies, die auf Ihrem Computer l\u00e4nger gespeichert bleiben. Diese Cookies erm\u00f6glichen uns, Ihren Browser bei einem weiteren Besuch wiederzuerkennen. Sie laufen nach einer bestimmten Frist ab und werden dann automatisch von Ihrem Browser gel\u00f6scht.<br \/>\nFolgende Cookies werden durch unsere Webpr\u00e4senz genutzt:<br \/>\n\u2022\tbet (Merkliste f\u00fcr Anmeldung zu Veranstaltungen, 60 Tage)<br \/>\n\u2022\tcookiehint (Datenschutzerkl\u00e4rung Cookies: 1 Jahr)<br \/>\n\u2022\t_pk_id (Piwik\/Matomo: 1 Jahr)<br \/>\nDiese Daten werden automatisch gel\u00f6scht. Die Aufbewahrungsfrist ist in Klammern angegeben.<br \/>\nWeitere Informationen zur eingesetzten Analysesoftware Piwik bzw. Matomo finden Sie weiter unten auf dieser Seite.<br \/>\n<strong>Kontaktformulare \/ E-Mail<\/strong><br \/>\nWenn Sie mit uns \u00fcber Formulare oder \u00fcber E-Mail in Kontakt treten, speichern und verarbeiten wir Ihre Angaben. Dazu z\u00e4hlen gegebenenfalls auch die IP-Adresse und Mail-Logfiles.<br \/>\nDie Speicherung und Verarbeitung dieser Daten dient ausschlie\u00dflich der Bearbeitung Ihres Anliegens, sowie der Verhinderung von Missbrauch der bereitgestellten Kommunikationssysteme. Dies ist unser berechtigtes Interesse an der Verarbeitung Ihrer personenbezogenen Daten.<br \/>\nDie dabei gemachten Angaben inklusive Ihrer personenbezogenen Daten werden bei uns zur Weiterverarbeitung und Beantwortung ausschlie\u00dflich an entsprechend instruiertes Personal weitergegeben. Gegebenenfalls werden Ihre Daten zur Bearbeitung auch an Subunternehmen weitergeleitet, die mit uns einen DS-GVO konformen Vertrag zur Auftragsverarbeitung unterzeichnet haben.<br \/>\nIhre eingegebenen pers\u00f6nlichen Daten werden gel\u00f6scht, wenn die Aufbewahrung zur Bearbeitung Ihres Anliegens nicht mehr erforderlich ist und keine Aufbewahrungspflichten mehr bestehen.<br \/>\nAlle anderen erhobenen Daten werden automatisch gel\u00f6scht. Die Aufbewahrungsfrist betr\u00e4gt: 14 Tage<br \/>\n<strong>Reichweitenmessung<\/strong><br \/>\nF\u00fcr die statistische Auswertung und Reichweitenmessung der Webseitenbesuche benutzt diese Seite eine Analyse-Software. Unser berechtigtes Interesse f\u00fcr die Verwendung dieser Auswertung, liegt in der Optimierung und dem wirtschaftlichen Betrieb unseres Onlineangebotes.<br \/>\n<strong>Piwik\/Matomo<\/strong><br \/>\nAuf dieser Website verwenden wir dazu die Open-Source-Software Piwik\/Matomo. Folgenden Daten werden dabei verarbeitet: Version und Typ des von Ihnen verwendeten Browsers, das von Ihnen verwendete Betriebssystem, Sprach- und L\u00e4ndereinstellungen, Datum und Uhrzeit der Aufrufe, die Anzahl und Verweildauer der Besuche, auf der Website bet\u00e4tigten Links. Die IP-Adresse der Nutzer wird anonymisiert, bevor sie gespeichert wird.<br \/>\nDie von Piwik\/Matomo gespeicherten Daten werden nicht auf andere Server \u00fcbertragen oder an Dritte weitergegeben.<br \/>\nSie k\u00f6nnen der anonymisierten Datenerhebung durch Piwik\/Matomo jederzeit widersprechen. Klicken Sie dazu auf den untenstehenden Link. \u00dcber ein sog. Opt-Out-Cookie erkennt Piwik\/Matomo das keinerlei Sitzungsdaten mehr erhoben werden sollen. Wenn Sie Ihre Cookies und damit auch das Opt-Out-Cookie l\u00f6schen, heben Sie diesen Widerspruch auf.<br \/>\nDiese Daten werden automatisch in regelm\u00e4\u00dfigen Abst\u00e4nden gel\u00f6scht. Die Aufbewahrungsfrist betr\u00e4gt: 24 Monate<\/p>\n<p><strong>Ihre Rechte als Nutzer<\/strong><br \/>\n<strong>Widerruf<\/strong><br \/>\nSie haben das Recht nach Art. 7 DSGVO, erteilte Einwilligungen zur Speicherung und Verarbeitung Ihrer pers\u00f6nlichen Daten mit Wirkung f\u00fcr die Zukunft zu widerrufen.<br \/>\nAuskunft<br \/>\nSie haben als Nutzer das Recht nach Art. 15 DSGVO, auf Antrag kostenlose Auskunft dar\u00fcber zu erhalten, welche personenbezogenen Daten \u00fcber Sie gespeichert werden.<br \/>\nBerichtigung<br \/>\nDes Weiteren haben Sie als Nutzer das Recht nach Art. 16 DSGVO, unrichtige Daten, die \u00fcber Sie gespeichert wurden, vervollst\u00e4ndigen bzw. korrigieren zu lassen.<br \/>\nL\u00f6schung<br \/>\nSofern keine gesetzliche Pflicht zur Aufbewahrung vorliegt, haben Sie nach Art. 17 DSGVO das Recht, die \u00fcber Sie gespeicherten personenbezogenen Daten l\u00f6schen zu lassen (&#8222;Recht auf Vergessenwerden&#8220;).<br \/>\nSperrung<br \/>\nFerner haben Sie das Recht nach Art. 18 DSGVO, die Verarbeitung der \u00fcber Sie gespeicherten personenbezogenen Daten einzuschr\u00e4nken.<br \/>\nWiderspruch<br \/>\nAls Nutzer k\u00f6nnen Sie der k\u00fcnftigen Verarbeitung der Sie betreffenden Daten entsprechend Art. 21 DSGVO jederzeit widersprechen.<br \/>\nAnsprechpartner<br \/>\nSolarverein Berlin-Brandenburg e.V.<br \/>\nPaulsenstra\u00dfe 55\/56<br \/>\n12163 Berlin<br \/>\nTel. (030) 82097-236<br \/>\neMail info[at]solarverein-berlin.de <\/p>\n","protected":false},"excerpt":{"rendered":"<p>Datenschutzerkl\u00e4rung Solarverein Berlin-Brandenburg e.V. Allgemein Wir m\u00f6chten Sie, den Nutzer dieser Website, hier \u00fcber Art, Umfang und Zweck der Erhebung und Verarbeitung von personenbezogenen Daten (z.B. Name, Adresse, E-Mail-Adresse, Nutzerverhalten oder IP-Adresse) informieren. Der Datenschutz f\u00fcr diese Website unterliegt den <a class=\"read-more\" href=\"https:\/\/solarverein-berlin.de\/?page_id=1769\">&hellip; Weiterlesen &rarr;<\/a><\/p>\n","protected":false},"author":1,"featured_media":0,"parent":38,"menu_order":9,"comment_status":"open","ping_status":"open","template":"page-templates\/left-nav-page.php","meta":{"footnotes":""},"class_list":["post-1769","page","type-page","status-publish","hentry"],"_links":{"self":[{"href":"https:\/\/solarverein-berlin.de\/index.php?rest_route=\/wp\/v2\/pages\/1769","targetHints":{"allow":["GET"]}}],"collection":[{"href":"https:\/\/solarverein-berlin.de\/index.php?rest_route=\/wp\/v2\/pages"}],"about":[{"href":"https:\/\/solarverein-berlin.de\/index.php?rest_route=\/wp\/v2\/types\/page"}],"author":[{"embeddable":true,"href":"https:\/\/solarverein-berlin.de\/index.php?rest_route=\/wp\/v2\/users\/1"}],"replies":[{"embeddable":true,"href":"https:\/\/solarverein-berlin.de\/index.php?rest_route=%2Fwp%2Fv2%2Fcomments&post=1769"}],"version-history":[{"count":3,"href":"https:\/\/solarverein-berlin.de\/index.php?rest_route=\/wp\/v2\/pages\/1769\/revisions"}],"predecessor-version":[{"id":1808,"href":"https:\/\/solarverein-berlin.de\/index.php?rest_route=\/wp\/v2\/pages\/1769\/revisions\/1808"}],"up":[{"embeddable":true,"href":"https:\/\/solarverein-berlin.de\/index.php?rest_route=\/wp\/v2\/pages\/38"}],"wp:attachment":[{"href":"https:\/\/solarverein-berlin.de\/index.php?rest_route=%2Fwp%2Fv2%2Fmedia&parent=1769"}],"curies":[{"name":"wp","href":"https:\/\/api.w.org\/{rel}","templated":true}]}}