{"id":36,"date":"2013-02-10T22:54:21","date_gmt":"2013-02-10T22:54:21","guid":{"rendered":"http:\/\/mysparky.org\/solarverein\/?page_id=36"},"modified":"2013-02-10T22:54:21","modified_gmt":"2013-02-10T22:54:21","slug":"tips-fur-solarinitiativen","status":"publish","type":"page","link":"https:\/\/solarverein-berlin.de\/?page_id=36","title":{"rendered":"Tips f\u00fcr Solarinitiativen"},"content":{"rendered":"<p>Bei unz\u00e4hligen Veranstlaltungen hat der Solarverein das know how f\u00fcr die Gr\u00fcndung einer B\u00fcrgersolaranlage vermittelt.<\/p>\n<p>Den dort verwendeten powerpoint-Vortrag finden Sie <span style=\"color: #008000;\"><a href=\"http:\/\/www.solarverein-berlin.de\/Tips.pdf\" target=\"_blank\"><span style=\"color: #008000;\">hier<\/span><\/a><\/span>.<\/p>\n<p>Wir bem\u00fchen uns, die Informationen auf dem neuesten Stand der Dinge zu halten &#8211; werden aber manchmal von der Schnelligkeit der politischen Entwicklung \u00fcberrollt.<\/p>\n","protected":false},"excerpt":{"rendered":"<p>Bei unz\u00e4hligen Veranstlaltungen hat der Solarverein das know how f\u00fcr die Gr\u00fcndung einer B\u00fcrgersolaranlage vermittelt. Den dort verwendeten powerpoint-Vortrag finden Sie hier. Wir bem\u00fchen uns, die Informationen auf dem neuesten Stand der Dinge zu halten &#8211; werden aber manchmal von <a class=\"read-more\" href=\"https:\/\/solarverein-berlin.de\/?page_id=36\">&hellip; Weiterlesen &rarr;<\/a><\/p>\n","protected":false},"author":2,"featured_media":0,"parent":29,"menu_order":2,"comment_status":"closed","ping_status":"closed","template":"page-templates\/left-nav-page.php","meta":{"footnotes":""},"class_list":["post-36","page","type-page","status-publish","hentry"],"_links":{"self":[{"href":"https:\/\/solarverein-berlin.de\/index.php?rest_route=\/wp\/v2\/pages\/36","targetHints":{"allow":["GET"]}}],"collection":[{"href":"https:\/\/solarverein-berlin.de\/index.php?rest_route=\/wp\/v2\/pages"}],"about":[{"href":"https:\/\/solarverein-berlin.de\/index.php?rest_route=\/wp\/v2\/types\/page"}],"author":[{"embeddable":true,"href":"https:\/\/solarverein-berlin.de\/index.php?rest_route=\/wp\/v2\/users\/2"}],"replies":[{"embeddable":true,"href":"https:\/\/solarverein-berlin.de\/index.php?rest_route=%2Fwp%2Fv2%2Fcomments&post=36"}],"version-history":[{"count":0,"href":"https:\/\/solarverein-berlin.de\/index.php?rest_route=\/wp\/v2\/pages\/36\/revisions"}],"up":[{"embeddable":true,"href":"https:\/\/solarverein-berlin.de\/index.php?rest_route=\/wp\/v2\/pages\/29"}],"wp:attachment":[{"href":"https:\/\/solarverein-berlin.de\/index.php?rest_route=%2Fwp%2Fv2%2Fmedia&parent=36"}],"curies":[{"name":"wp","href":"https:\/\/api.w.org\/{rel}","templated":true}]}}