{"id":40,"date":"2005-02-10T22:55:08","date_gmt":"2005-02-10T22:55:08","guid":{"rendered":"http:\/\/mysparky.org\/solarverein\/?page_id=40"},"modified":"2024-04-01T21:35:14","modified_gmt":"2024-04-01T19:35:14","slug":"kontakt","status":"publish","type":"page","link":"https:\/\/solarverein-berlin.de\/?page_id=40","title":{"rendered":"Kontakt &#038; Impressum"},"content":{"rendered":"<h4>Anschrift:<\/h4>\n<p>Solarverein Berlin-Brandenburg e.V.<br \/>\nPaulsenstr. 55\/56, 12163 Berlin<\/p>\n<p>email: info@solarverein-berlin.de<br \/>\nweb: www.solarverein-berlin.de<\/p>\n<h4>Bankverbindung f\u00fcr Spenden und Mitgliedsbeitr\u00e4ge:<\/h4>\n<p>Kontoinhaber: Solarverein Berlin<br \/>\nKonto:<br \/>\nBank: Berliner Volksbank<br \/>\nDE77100900007190804008<br \/>\nBIC: BEVODEBBXXX<\/p>\n<aside>Verantwortlich f\u00fcr den Inhalt dieses Internetangebots:<br \/>\nClaudia Pirch-Masloch, Paulsenstr. 55\/56, 12163 Berlin<br \/>\nE-Mail:info@solarverein-berlin.de<br \/>\n<small>Haftungshinweis: Trotz sorgf\u00e4ltiger inhaltlicher Kontrolle \u00fcbernehmen wir keine Haftung f\u00fcr die Inhalte externer Links. F\u00fcr den Inhalt der verlinkten Seiten sind ausschlie\u00dflich deren Betreiber verantwortlich.<\/small><\/aside>\n","protected":false},"excerpt":{"rendered":"<p>Anschrift: Solarverein Berlin-Brandenburg e.V. Paulsenstr. 55\/56, 12163 Berlin email: info@solarverein-berlin.de web: www.solarverein-berlin.de Bankverbindung f\u00fcr Spenden und Mitgliedsbeitr\u00e4ge: Kontoinhaber: Solarverein Berlin Konto: Bank: Berliner Volksbank DE77100900007190804008 BIC: BEVODEBBXXX Verantwortlich f\u00fcr den Inhalt dieses Internetangebots: Claudia Pirch-Masloch, Paulsenstr. 55\/56, 12163 Berlin E-Mail:info@solarverein-berlin.de <a class=\"read-more\" href=\"https:\/\/solarverein-berlin.de\/?page_id=40\">&hellip; Weiterlesen &rarr;<\/a><\/p>\n","protected":false},"author":2,"featured_media":0,"parent":38,"menu_order":6,"comment_status":"closed","ping_status":"closed","template":"page-templates\/left-nav-page.php","meta":{"footnotes":""},"class_list":["post-40","page","type-page","status-publish","hentry"],"_links":{"self":[{"href":"https:\/\/solarverein-berlin.de\/index.php?rest_route=\/wp\/v2\/pages\/40","targetHints":{"allow":["GET"]}}],"collection":[{"href":"https:\/\/solarverein-berlin.de\/index.php?rest_route=\/wp\/v2\/pages"}],"about":[{"href":"https:\/\/solarverein-berlin.de\/index.php?rest_route=\/wp\/v2\/types\/page"}],"author":[{"embeddable":true,"href":"https:\/\/solarverein-berlin.de\/index.php?rest_route=\/wp\/v2\/users\/2"}],"replies":[{"embeddable":true,"href":"https:\/\/solarverein-berlin.de\/index.php?rest_route=%2Fwp%2Fv2%2Fcomments&post=40"}],"version-history":[{"count":3,"href":"https:\/\/solarverein-berlin.de\/index.php?rest_route=\/wp\/v2\/pages\/40\/revisions"}],"predecessor-version":[{"id":1948,"href":"https:\/\/solarverein-berlin.de\/index.php?rest_route=\/wp\/v2\/pages\/40\/revisions\/1948"}],"up":[{"embeddable":true,"href":"https:\/\/solarverein-berlin.de\/index.php?rest_route=\/wp\/v2\/pages\/38"}],"wp:attachment":[{"href":"https:\/\/solarverein-berlin.de\/index.php?rest_route=%2Fwp%2Fv2%2Fmedia&parent=40"}],"curies":[{"name":"wp","href":"https:\/\/api.w.org\/{rel}","templated":true}]}}