{"id":44,"date":"2012-03-15T22:55:41","date_gmt":"2012-03-15T22:55:41","guid":{"rendered":"http:\/\/mysparky.org\/solarverein\/?page_id=44"},"modified":"2018-11-26T12:47:20","modified_gmt":"2018-11-26T10:47:20","slug":"vorstand","status":"publish","type":"page","link":"https:\/\/solarverein-berlin.de\/?page_id=44","title":{"rendered":"Vorstand"},"content":{"rendered":"<p>Der Vorstand des Solarvereins Berlin-Brandenburg e.V. wird alle 2 Jahre neu gew\u00e4hlt.<br \/>\nAm 14.03.2018 wurden in den Vorstand gew\u00e4hlt<\/p>\n<ul>\n<ul>\n<li><span style=\"line-height: 1.6;\">Claudia Pirch-Masloch, Vorsitzende<\/span><\/li>\n<li>Gisela Haas<\/li>\n<li><span style=\"line-height: 1.6;\">Michael Arkenau<\/span><\/li>\n<li><span style=\"line-height: 1.6;\">Klaus B\u00fcge, Kassenwart<\/span><\/li>\n<\/ul>\n<\/ul>\n<p>&nbsp;<\/p>\n","protected":false},"excerpt":{"rendered":"<p>Der Vorstand des Solarvereins Berlin-Brandenburg e.V. wird alle 2 Jahre neu gew\u00e4hlt. Am 14.03.2018 wurden in den Vorstand gew\u00e4hlt Claudia Pirch-Masloch, Vorsitzende Gisela Haas Michael Arkenau Klaus B\u00fcge, Kassenwart &nbsp;<\/p>\n","protected":false},"author":2,"featured_media":0,"parent":38,"menu_order":4,"comment_status":"closed","ping_status":"closed","template":"page-templates\/left-nav-page.php","meta":{"footnotes":""},"class_list":["post-44","page","type-page","status-publish","hentry"],"_links":{"self":[{"href":"https:\/\/solarverein-berlin.de\/index.php?rest_route=\/wp\/v2\/pages\/44","targetHints":{"allow":["GET"]}}],"collection":[{"href":"https:\/\/solarverein-berlin.de\/index.php?rest_route=\/wp\/v2\/pages"}],"about":[{"href":"https:\/\/solarverein-berlin.de\/index.php?rest_route=\/wp\/v2\/types\/page"}],"author":[{"embeddable":true,"href":"https:\/\/solarverein-berlin.de\/index.php?rest_route=\/wp\/v2\/users\/2"}],"replies":[{"embeddable":true,"href":"https:\/\/solarverein-berlin.de\/index.php?rest_route=%2Fwp%2Fv2%2Fcomments&post=44"}],"version-history":[{"count":3,"href":"https:\/\/solarverein-berlin.de\/index.php?rest_route=\/wp\/v2\/pages\/44\/revisions"}],"predecessor-version":[{"id":1773,"href":"https:\/\/solarverein-berlin.de\/index.php?rest_route=\/wp\/v2\/pages\/44\/revisions\/1773"}],"up":[{"embeddable":true,"href":"https:\/\/solarverein-berlin.de\/index.php?rest_route=\/wp\/v2\/pages\/38"}],"wp:attachment":[{"href":"https:\/\/solarverein-berlin.de\/index.php?rest_route=%2Fwp%2Fv2%2Fmedia&parent=44"}],"curies":[{"name":"wp","href":"https:\/\/api.w.org\/{rel}","templated":true}]}}