{"id":46,"date":"2013-02-10T22:55:56","date_gmt":"2013-02-10T22:55:56","guid":{"rendered":"http:\/\/mysparky.org\/solarverein\/?page_id=46"},"modified":"2013-02-10T22:55:56","modified_gmt":"2013-02-10T22:55:56","slug":"was-ist-burgersolar","status":"publish","type":"page","link":"https:\/\/solarverein-berlin.de\/?page_id=46","title":{"rendered":"Was ist B\u00fcrgersolar?"},"content":{"rendered":"<h5>Energiepolitik ist eine der wichtigsten \u2013 nicht nur \u2013 politischen Zukunftsaufgaben. B\u00fcrgerinnen und B\u00fcrger k\u00f6nnen ihren pers\u00f6nlichen Beitrag zu einem nachhaltigen Energiesystem leisten \u2013 durch die Beteiligung an einer \u201cB\u00fcrger-Solaranlage\u201c.<\/h5>\n<h4>Was bedeutet \u201eB\u00fcrger-Solaranlage\u201c?<\/h4>\n<p>Man unterscheidet zwei Arten von Solaranlagen: die thermische, die dazu dient, warmes Wasser zu erzeugen und die photovoltaische, mit deren Hilfe Strom erzeugt werden kann. W\u00e4hrend sich die thermischen Solaranlagen schon mit einer relativ kleinen Kollektorfl\u00e4che und damit geringem Preis auf einem privaten Dach installieren lassen, sind photovoltaische Anlagen erst ab einer bestimmten Gr\u00f6\u00dfe rentabel \u2013 d.h. f\u00fcr den Einzelnen oft zu gro\u00df und zu teuer.<\/p>\n<p>So entstand die Idee der \u201eB\u00fcrger-Solaranlage\u201c. Umweltengagierte Mitb\u00fcrgerinnen und Mitb\u00fcrger schlie\u00dfen sich zusammen und erwerben entsprechend der eigenen finanziellen M\u00f6glichkeit ein oder mehrere Anteile an einer Gemeinschafts-Solaranlage und gr\u00fcnden dazu eine Gesellschaft b\u00fcrgerlichen Rechts (GbR).<\/p>\n<p>Der von einer B\u00fcrger-Solaranlage erzeugte Strom wird direkt in das Stromnetz eingespeist und staatlich garantiert \u00fcber 20 Jahre verg\u00fctet. Jeder der B\u00fcrger-Solarbetreiber erh\u00e4lt \u00fcber diese 20 Jahre anteilsm\u00e4\u00dfig den erwirtschafteten Stromertrag ausbezahlt. Der Verg\u00fctungssatz ergibt sich aus dem \u201eErneuerbare Energien Gesetz (EEG)\u201c, das zum Ziel hat, die Markteinf\u00fchrung der Photovoltaik zu erleichtern.<\/p>\n<h4>Die neun B\u00fcrgersolaranlagen des Solarvereins Berlin-Brandenburg e.V.<\/h4>\n<p>Bis zur Gr\u00fcndung des Solarvereins Berlin-Brandenburg e.V. im August 2003 war der Begriff \u201eB\u00fcrger-Solaranlage\u201c in Berlin nahezu ein Fremdwort \u2013 das sollte sich \u00e4ndern.<\/p>\n<p>Im Januar 2004 wurde <strong><a title=\"B\u00fcrgersolar Berlin 1 GbR\" href=\"http:\/\/svbb.smuemd.de\/\/\/exhibit\/678\/\">das erste, gemeinschaftlich von B\u00fcrgern finanzierte \u201eSolarkraftwerk\u201c<\/a><\/strong> errichtet, schon im Mai 2004 folgte <strong><a title=\"B\u00fcrgersolar Berlin 2 GbR\" href=\"http:\/\/svbb.smuemd.de\/\/\/exhibit\/burgersolar-berlin-2-gbr\/\">B\u00fcrger-Solaranlage Nr. 2<\/a><\/strong>. Die Werkgemeinschaft f\u00fcr Berlin-Brandenburg gGmbH stellte das Dach in Zehlendorf-S\u00fcd mietfrei zur Verf\u00fcgung. Von diesen beiden Anlagen werden j\u00e4hrlich mehr als 8600 Kilowattstunden Strom ins \u00f6rtliche Netz eingespeist werden \u2013 ausreichend f\u00fcr drei bis vier Berliner Haushalte. Es beteiligten sich jeweils 24 B\u00fcrgerinnen und B\u00fcrger mit Anteilscheinen an den Investitionskosten von 27.000 Euro pro 5-kWp-Anlage.<\/p>\n<p><strong><a title=\"B\u00fcrgersolar Berlin 3 GbR\" href=\"http:\/\/svbb.smuemd.de\/\/\/exhibit\/burgersolar-berlin-3-gbr\/\">Eine dritte B\u00fcrger-Solaranlage<\/a><\/strong> mit einer Leistung von 30 kWp wurde im Sp\u00e4therbst 2004 auf dem Dach des Oberstufenzentrums TIEM in Spandau errichtet \u2013die erste fremdfinanzierte Photovoltaikanlage Berlins auf einem \u00f6ffentlichen Dach. Die Finanzierung erfolgte diesmal nicht ausschlie\u00dflich durch B\u00fcrgerbeteiligung: 80.000 Euro wurden durch Anteilscheine zusammentragen und der Restbetrag durch einen Kredit finanziert.<\/p>\n<p><strong><a title=\"B\u00fcrger-Solar Berlin\/Brandenburg Teltow GbR\" href=\"http:\/\/svbb.smuemd.de\/\/\/exhibit\/burger-solar-berlinbrandenburg-teltow-gbr\/\">Die vierte B\u00fcrger-Solaranlage<\/a><\/strong> \u2013 wieder eine 30 kWp-Anlage \u2013 wurde im Oktober 2005 auf dem Dach der Bruno H. B\u00fcrgel Oberschule in Teltow in Betrieb genommen. Die Vorarbeit wurde gemeinschaftlich vom Solarverein und der Teltower Agendagruppe geleistet.<\/p>\n<p>F\u00fcr<strong><a title=\"B\u00fcrger-Solar Berlin\/Brandenburg Werder GbR\" href=\"http:\/\/svbb.smuemd.de\/\/\/exhibit\/burger-solar-berlinbrandenburg-werder-gbr\/\"> die 5. Anlage<\/a><\/strong> war der Solarverein lange auf der Suche nach einem geeigneten Dach. Mehrere der D\u00e4cher erwiesen sich als nicht geeignet, entweder durch Bauverz\u00f6gerungen, Sanierungsbedarf oder zu hohe Kosten: Solarmodule wurden in 2006 stark \u00fcberteuert angeboten und die Preise f\u00fcr Stromkabel hatten sich durch gestiegene Buntmetallpreise stark erh\u00f6ht. Aufgebaut wurde Nr. 5 mit 10 kWp dann auf einem Privathaus in Werder OT T\u00f6plitz \u2013 das erste Mal, dass eine Familie ihr Hausdach zur Verf\u00fcgung stellte.<\/p>\n<p><strong><a title=\"B\u00fcrger-Solar Berlin\/Brandenburg Klaistow GbR\" href=\"http:\/\/svbb.smuemd.de\/\/\/exhibit\/burger-solar-berlinbrandenburg-klaistow-gbr\/\">Die 6. Anlage<\/a><\/strong> wurde in Klaistow, s\u00fcdwestlich von Berlin gelegen auf einem Scheunendach mit 20 kWp aufgebaut \u2013 in der Rekordzeit von 6 Wochen von der Gr\u00fcndung der GbR bis zum Netzanschluss!<\/p>\n<p>Im Sommer 2008 wurde die <strong><a title=\"B\u00fcrger-Solar Berlin\/Brandenburg Kuhhorst GbR\" href=\"http:\/\/svbb.smuemd.de\/\/\/exhibit\/burger-solar-berlinbrandenburg-kuhhorst-gbr\/\">7. Anlage \u201eB\u00fcrger-Solar Berlin\/Brandenburg Kuhhorst GbR\u201c<\/a> <\/strong>mit 35,9 kWp in Kuhhorst, Ostprignitz-Ruppin auf dem Dach der Hofladen- und Werkst\u00e4ttenzeile der Mosaik-Werkst\u00e4tten f\u00fcr Behinderte gGmbH aufgebaut.<\/p>\n<p>Zwei Anlagen kamen in 2009 dazu: <strong><a title=\"B\u00fcrger-Solar Berlin-Wei\u00dfensee GbR\" href=\"http:\/\/svbb.smuemd.de\/\/\/exhibit\/burger-solar-berlin-weisensee-gbr\/\">Nr. 8 auf dem Dach des OSZ Gastgewerbe in Berlin-Wei\u00dfensee<\/a><\/strong> \u2013 mit 58 kWp und einer Investitionssumme von 220.000 Euro die bisher gr\u00f6\u00dfte Anlage. Die Nachfrage nach Beteiligung war so gro\u00df, dass die GbR am Gr\u00fcndungstag komplett gezeichnet war. So beschloss man, noch eine weitere Anlage in 2009 zu bauen. Dachgeber f\u00fcr die <strong><a title=\"B\u00fcrger-Solar Berlin-Brandenburg Temnitz GbR\" href=\"http:\/\/svbb.smuemd.de\/\/\/exhibit\/burger-solar-berlin-brandenburg-temnitz-gbr\/\">9. B\u00fcrgersolaranlage mit 38 kWp<\/a><\/strong> ist die Amtsverwaltung Temnitz im Landkreis Ostprignitz-Ruppin.<\/p>\n<p>Mit diesen neun Anlagen hat der Solarverein Berlin-Brandenburg e.V. <strong>insgesamt 230 kWp<\/strong> aufgebaut, <strong>die ca 200.000 kWh Strom pro Jarh erzeugen<\/strong> \u2013 mit einer <strong>Investitionssumme von \u00fcber einer Million Euro!!<\/strong> Beteiligt sind <strong>mehr 200 B\u00fcrgerinnen und B\u00fcrger<\/strong>, die sich pers\u00f6nlich f\u00fcr eine nachhaltige Stromerzeugung einsetzen.<\/p>\n<h4>Weitere B\u00fcrger-Solaranlagen<\/h4>\n<p>Es hat sich solar einiges bewegt im Berliner Umland \u2013 der Solarverein half kr\u00e4ftig mit.<\/p>\n<p>Brandenburger Anlagen sind entstanden in:<\/p>\n<ul>\n<li><span style=\"line-height: 1.6;\">Beelitz,<\/span><\/li>\n<li><span style=\"line-height: 1.6;\">Brandenburg,<\/span><\/li>\n<li><span style=\"line-height: 1.6;\">Caputh, Cottbus,<\/span><\/li>\n<li><span style=\"line-height: 1.6;\">Eberswalde,<\/span><\/li>\n<li><span style=\"line-height: 1.6;\">Falkensee,<\/span><\/li>\n<li><span style=\"line-height: 1.6;\">Potsdam, N<\/span><\/li>\n<li><span style=\"line-height: 1.6;\">euenhagen, Wandlitz u.a.m.<\/span><\/li>\n<\/ul>\n<p>Und weiter entfernt:<\/p>\n<ul>\n<li><span style=\"line-height: 1.6;\">D\u00fcsseldorf,<\/span><\/li>\n<li><span style=\"line-height: 1.6;\">Tostedt,<\/span><\/li>\n<li><span style=\"line-height: 1.6;\">Porta Westfalica,<\/span><\/li>\n<li><span style=\"line-height: 1.6;\">B\u00fctzow \u2026<\/span><\/li>\n<\/ul>\n<p>Alle Initiativen erhielten vom Solarverein ausf\u00fchrliche Unterlagen zur Gr\u00fcndung.<\/p>\n","protected":false},"excerpt":{"rendered":"<p>Energiepolitik ist eine der wichtigsten \u2013 nicht nur \u2013 politischen Zukunftsaufgaben. B\u00fcrgerinnen und B\u00fcrger k\u00f6nnen ihren pers\u00f6nlichen Beitrag zu einem nachhaltigen Energiesystem leisten \u2013 durch die Beteiligung an einer \u201cB\u00fcrger-Solaranlage\u201c. Was bedeutet \u201eB\u00fcrger-Solaranlage\u201c? Man unterscheidet zwei Arten von Solaranlagen: die <a class=\"read-more\" href=\"https:\/\/solarverein-berlin.de\/?page_id=46\">&hellip; Weiterlesen &rarr;<\/a><\/p>\n","protected":false},"author":2,"featured_media":0,"parent":38,"menu_order":1,"comment_status":"closed","ping_status":"closed","template":"page-templates\/left-nav-page.php","meta":{"footnotes":""},"class_list":["post-46","page","type-page","status-publish","hentry"],"_links":{"self":[{"href":"https:\/\/solarverein-berlin.de\/index.php?rest_route=\/wp\/v2\/pages\/46","targetHints":{"allow":["GET"]}}],"collection":[{"href":"https:\/\/solarverein-berlin.de\/index.php?rest_route=\/wp\/v2\/pages"}],"about":[{"href":"https:\/\/solarverein-berlin.de\/index.php?rest_route=\/wp\/v2\/types\/page"}],"author":[{"embeddable":true,"href":"https:\/\/solarverein-berlin.de\/index.php?rest_route=\/wp\/v2\/users\/2"}],"replies":[{"embeddable":true,"href":"https:\/\/solarverein-berlin.de\/index.php?rest_route=%2Fwp%2Fv2%2Fcomments&post=46"}],"version-history":[{"count":0,"href":"https:\/\/solarverein-berlin.de\/index.php?rest_route=\/wp\/v2\/pages\/46\/revisions"}],"up":[{"embeddable":true,"href":"https:\/\/solarverein-berlin.de\/index.php?rest_route=\/wp\/v2\/pages\/38"}],"wp:attachment":[{"href":"https:\/\/solarverein-berlin.de\/index.php?rest_route=%2Fwp%2Fv2%2Fmedia&parent=46"}],"curies":[{"name":"wp","href":"https:\/\/api.w.org\/{rel}","templated":true}]}}