{"id":531,"date":"2013-05-09T08:59:28","date_gmt":"2013-05-09T08:59:28","guid":{"rendered":"http:\/\/svbb.smuemd.de\/\/\/?page_id=531"},"modified":"2014-12-20T17:54:22","modified_gmt":"2014-12-20T15:54:22","slug":"willkommen","status":"publish","type":"page","link":"https:\/\/solarverein-berlin.de\/","title":{"rendered":"Willkommen auf der Webseite des Solarverein Berlin-Brandenburg!"},"content":{"rendered":"<p>Hier k\u00f6nnen Sie sich \u00fcber B\u00fcrger-Solaranlagen und unsere Vereinsarbeit informieren sowie aktuelle Hinweise auf Arbeitsgruppen und Veranstaltungen finden.<br \/>\nKlimaschutz konkret: Wir freuen uns \u00fcber Ihre Unterst\u00fctzung durch Mitarbeit und Mitgliedschaft!<\/p>\n<h4>Die Idee<\/h4>\n<p>Die Idee, gemeinschaftlich eine Photovoltaikanlage in einem &#8222;Solarbezirk Steglitz-Zehlendorf&#8220; aufzubauen, entstand im Herbst 2002 auf einem Zukunftskongress, der vom \u00a0Bezirksamt Steglitz-Zehlendorf von Berlin und vom evangelischen Kirchenkreis Teltow-Zehlendorf veranstaltet wurde. Zur Umsetzung dieses Ziels wurde\u00a0am 19.8.2003 der &#8222;Solarverein Steglitz-Zehlendorf&#8220; gegr\u00fcndet. Sp\u00e4ter erfolgte ein Umbenennung in Solarverein Berlin und am 29.03.2007 in Solarverein Berlin-Brandenburg e.V., um der gestiegenen Zahl an B\u00fcrger-Solaranlagen gerecht zu werden und auch als \u00fcberregionaler Ansprechpartner gut identifizierbar zu sein.<\/p>\n<h4>Das Erreichte<\/h4>\n<p>Bis zur Gr\u00fcndung des Solarvereins Berlin-Brandenburg e.V. im August 2003 war der Begriff \u201eB\u00fcrger-Solaranlage\u201c in Berlin und Brandenburg nahezu ein Fremdwort &#8211; das sollte sich \u00e4ndern. In den Jahren 2004 bis 2009 initiierte der Solarverein Berlin-Brandenburg e.V.\u00a0<strong>neun B\u00fcrger-Solaranlagen<\/strong>. Mit diesen neun Anlagen wurden Solarkollektoren von insgesamt <strong>230 kW<\/strong><sub>p<\/sub> aufgebaut, die ca <strong>200.000 kWh Strom pro Jahr<\/strong> erzeugen &#8211; mit einer Investitionssumme von \u00fcber einer Million Euro!! <strong>Beteiligt sind mehr 200 B\u00fcrgerinnen und B\u00fcrger, die sich pers\u00f6nlich f\u00fcr eine nachhaltige Stromerzeugung einsetzen.\u00a0<\/strong><\/p>\n<h4>Was bedeutet \u201eB\u00fcrger-Solaranlage\u201c?<\/h4>\n<p>Man unterscheidet zwei Arten von Solaranlagen: die thermische, die dazu dient, warmes Wasser zu erzeugen und die photovoltaische, mit deren Hilfe Strom erzeugt werden kann. W\u00e4hrend sich die thermischen Solaranlagen schon mit einer relativ kleinen Kollektorfl\u00e4che und damit geringem Preis auf einem privaten Dach installieren lassen, waren photovoltaische Anlagen erst ab einer bestimmten Gr\u00f6\u00dfe rentabel \u2013 fr\u00fcher f\u00fcr den Einzelnen oft zu gro\u00df und zu teuer.<\/p>\n<p>So entstand die Idee der \u201e<strong>B\u00fcrger-Solaranlage<\/strong>\u201c. Umweltengagierte Mitb\u00fcrgerinnen und Mitb\u00fcrger schlossen sich zusammen und erwarben entsprechend der eigenen finanziellen M\u00f6glichkeit ein oder mehrere Anteile an einer Gemeinschafts-Solaranlage. Der von einer B\u00fcrger-Solaranlage erzeugte Strom wird direkt in das Stromnetz eingespeist. Entsprechend des jeweiligen Jahressatzes des \u201eErneuerbare Energien Gesetzes (EEG)\u201c bei Aufbau der Anlage wird der Strom staatlich garantiert \u00fcber 20 Jahre verg\u00fctet.\u00a0Jeder der B\u00fcrger-Solarbetreiber erh\u00e4lt \u00fcber diese 20 Jahre anteilsm\u00e4\u00dfig den erwirtschafteten Stromertrag ausbezahlt \u2013 nach ca. 12 &#8211; 14 Jahren ist der eingebrachte Betrag zur\u00fcckbezahlt.<\/p>\n<h4>Arbeitstreffen<\/h4>\n<p>Zwei bis dreimal im Jahr laden wir ein zu \u00f6ffentlichen <strong>Arbeitstreffen<\/strong>, in denen wir Themen rund um die Erneuerbaren Energien diskutieren. Gerne nehmen wir daf\u00fcr Anregungen und Themenw\u00fcnsche auf. Die Termine werden rechtzeitig bekanntgegeben. Wir treffen uns jeweils im Haus der Diakonie, Paulsenstr. 55-56, 12163 Berlin. Wenn Sie gerne zu den Treffen eingeladen werden m\u00f6chten, schreiben Sie uns eine Mail an info@solarverein-berlin.de<\/p>\n","protected":false},"excerpt":{"rendered":"<p>Hier k\u00f6nnen Sie sich \u00fcber B\u00fcrger-Solaranlagen und unsere Vereinsarbeit informieren sowie aktuelle Hinweise auf Arbeitsgruppen und Veranstaltungen finden. Klimaschutz konkret: Wir freuen uns \u00fcber Ihre Unterst\u00fctzung durch Mitarbeit und Mitgliedschaft! Die Idee Die Idee, gemeinschaftlich eine Photovoltaikanlage in einem &#8222;Solarbezirk <a class=\"read-more\" href=\"https:\/\/solarverein-berlin.de\/\">&hellip; Weiterlesen &rarr;<\/a><\/p>\n","protected":false},"author":2,"featured_media":0,"parent":0,"menu_order":0,"comment_status":"closed","ping_status":"closed","template":"page-templates\/front-page.php","meta":{"footnotes":""},"class_list":["post-531","page","type-page","status-publish","hentry"],"_links":{"self":[{"href":"https:\/\/solarverein-berlin.de\/index.php?rest_route=\/wp\/v2\/pages\/531","targetHints":{"allow":["GET"]}}],"collection":[{"href":"https:\/\/solarverein-berlin.de\/index.php?rest_route=\/wp\/v2\/pages"}],"about":[{"href":"https:\/\/solarverein-berlin.de\/index.php?rest_route=\/wp\/v2\/types\/page"}],"author":[{"embeddable":true,"href":"https:\/\/solarverein-berlin.de\/index.php?rest_route=\/wp\/v2\/users\/2"}],"replies":[{"embeddable":true,"href":"https:\/\/solarverein-berlin.de\/index.php?rest_route=%2Fwp%2Fv2%2Fcomments&post=531"}],"version-history":[{"count":1,"href":"https:\/\/solarverein-berlin.de\/index.php?rest_route=\/wp\/v2\/pages\/531\/revisions"}],"predecessor-version":[{"id":1632,"href":"https:\/\/solarverein-berlin.de\/index.php?rest_route=\/wp\/v2\/pages\/531\/revisions\/1632"}],"wp:attachment":[{"href":"https:\/\/solarverein-berlin.de\/index.php?rest_route=%2Fwp%2Fv2%2Fmedia&parent=531"}],"curies":[{"name":"wp","href":"https:\/\/api.w.org\/{rel}","templated":true}]}}