{"id":565,"date":"2013-05-09T09:36:39","date_gmt":"2013-05-09T09:36:39","guid":{"rendered":"http:\/\/svbb.smuemd.de\/\/\/?page_id=565"},"modified":"2013-05-09T09:36:39","modified_gmt":"2013-05-09T09:36:39","slug":"burgersolaranlagen-selber-machen","status":"publish","type":"page","link":"https:\/\/solarverein-berlin.de\/?page_id=565","title":{"rendered":"B\u00fcrger-Solaranlagen selber bauen"},"content":{"rendered":"<p>Seit Gr\u00fcndung des Solarvereins sind im Berliner Umland zahlreiche B\u00fcrger-Solaranlagen entstanden \u2013 der Solarverein half kr\u00e4ftig mit. Alle Initiativen erhielten vom Solarverein ausf\u00fchrliche Unterlagen zur Gr\u00fcndung.<br \/>\nDetails zu den einzelnen B\u00fcrgersolarinitiativen finden Sie hier.<\/p>\n<p>Wen weder die ge\u00e4nderte Energielandschaft noch das neue EEG abschrecken auf dem Weg zur eigenen B\u00fcrgersolaranlage, kann sich gerne an den Solarverein Berlin-Brandenburg wenden.<\/p>\n<p>Wir helfen gerne \u00fcber die ersten H\u00fcrden und versenden Tipps f\u00fcr Infoveranstaltungen, Gr\u00fcndungsversammlungen, die wichtigsten Voraussetzungen f\u00fcr das optimale Dach, GbR-Vertrag, Mietvertrag u.a.m. Einschr\u00e4nkend m\u00fcssen wir hinzuf\u00fcgen, dass unsere Unterlagen auf dem EEG vor 2010 basieren.<\/p>\n<p>Einen Powerpointvortrag f\u00fcr Informationsveranstaltungen finden Sie hier. Bei Interesse senden Sie bitte eine Mail an info@solarverein-berlin.de.<\/p>\n","protected":false},"excerpt":{"rendered":"<p>Seit Gr\u00fcndung des Solarvereins sind im Berliner Umland zahlreiche B\u00fcrger-Solaranlagen entstanden \u2013 der Solarverein half kr\u00e4ftig mit. Alle Initiativen erhielten vom Solarverein ausf\u00fchrliche Unterlagen zur Gr\u00fcndung. Details zu den einzelnen B\u00fcrgersolarinitiativen finden Sie hier. Wen weder die ge\u00e4nderte Energielandschaft noch <a class=\"read-more\" href=\"https:\/\/solarverein-berlin.de\/?page_id=565\">&hellip; Weiterlesen &rarr;<\/a><\/p>\n","protected":false},"author":2,"featured_media":0,"parent":29,"menu_order":1,"comment_status":"closed","ping_status":"closed","template":"page-templates\/left-nav-page.php","meta":{"footnotes":""},"class_list":["post-565","page","type-page","status-publish","hentry"],"_links":{"self":[{"href":"https:\/\/solarverein-berlin.de\/index.php?rest_route=\/wp\/v2\/pages\/565","targetHints":{"allow":["GET"]}}],"collection":[{"href":"https:\/\/solarverein-berlin.de\/index.php?rest_route=\/wp\/v2\/pages"}],"about":[{"href":"https:\/\/solarverein-berlin.de\/index.php?rest_route=\/wp\/v2\/types\/page"}],"author":[{"embeddable":true,"href":"https:\/\/solarverein-berlin.de\/index.php?rest_route=\/wp\/v2\/users\/2"}],"replies":[{"embeddable":true,"href":"https:\/\/solarverein-berlin.de\/index.php?rest_route=%2Fwp%2Fv2%2Fcomments&post=565"}],"version-history":[{"count":0,"href":"https:\/\/solarverein-berlin.de\/index.php?rest_route=\/wp\/v2\/pages\/565\/revisions"}],"up":[{"embeddable":true,"href":"https:\/\/solarverein-berlin.de\/index.php?rest_route=\/wp\/v2\/pages\/29"}],"wp:attachment":[{"href":"https:\/\/solarverein-berlin.de\/index.php?rest_route=%2Fwp%2Fv2%2Fmedia&parent=565"}],"curies":[{"name":"wp","href":"https:\/\/api.w.org\/{rel}","templated":true}]}}