{"id":599,"date":"2013-05-09T10:01:31","date_gmt":"2013-05-09T10:01:31","guid":{"rendered":"http:\/\/svbb.smuemd.de\/\/\/?page_id=599"},"modified":"2014-12-10T17:22:23","modified_gmt":"2014-12-10T15:22:23","slug":"geschichte-des-solarvereins","status":"publish","type":"page","link":"https:\/\/solarverein-berlin.de\/?page_id=599","title":{"rendered":"Geschichte des Solarvereins"},"content":{"rendered":"<p>Die Idee f\u00fcr einen &#8222;<strong>Solarbezirk Steglitz-Zehlendorf<\/strong>&#8220; entstand im <strong>Herbst 2002<\/strong> auf einem Zukunftskongress, der vom Bezirksamt Steglitz-Zehlendorf von Berlin und vom evangelischen Kirchenkreis Teltow-Zehlendorf veranstaltet wurde.<\/p>\n<p>Der Verein wurde am 19.8.2003 mit Bezug auf unseren Stadtbezirk unter dem Namen &#8222;Solarverein Steglitz-Zehlendorf&#8220; gegr\u00fcndet und am 4.12.2003 ins Vereinsregister eingetragen (e.V.).<\/p>\n<p>Eine Namens\u00e4nderung in &#8222;<strong>Solarverein Berlin<\/strong>&#8220; wurde auf der Jahresversammlung am <strong>11.2.2004<\/strong> beschlossen, um auch als \u00fcberregionaler Ansprechpartner gut identifizierbar zu sein<\/p>\n<p>Im <strong>M\u00e4rz 2007<\/strong> erhielt der Solarverein seinen endg\u00fcltigen Namen: &#8222;<b>Solarverein Berlin-Brandenburg e.V<\/b>.<\/p>\n<p>Viele gute Gr\u00fcnde sprachen f\u00fcr die neuerliche Namens\u00e4nderung:<\/p>\n<ul>\n<li>Die Dachsuche gestaltete sich in Brandenburg sehr viel einfacher &#8211; siehe <a title=\"B\u00fcrger-Solar Berlin\/Brandenburg Teltow GbR\" href=\"https:\/\/solarverein-berlin.de\/?ha_exhibit=burger-solar-berlinbrandenburg-teltow-gbr\" target=\"_blank\">GbR 4 in Teltow<\/a>,<\/li>\n<li>Es gab viele Solarinitiativen rund um Berlin, die das know how des Solarvereins zur Errichtung von B\u00fcrgersolaranlagen nutzen wollten bzw. bereits genutzt hatten,<\/li>\n<li>Brandenburg erschloss neue Perspektiven f\u00fcr die Realisierung von Projektideen,<\/li>\n<li>Die Presseresonanz war durch die Erg\u00e4nzung um Brandenburger Medien sehr viel gr\u00f6\u00dfer.<\/li>\n<\/ul>\n","protected":false},"excerpt":{"rendered":"<p>Die Idee f\u00fcr einen &#8222;Solarbezirk Steglitz-Zehlendorf&#8220; entstand im Herbst 2002 auf einem Zukunftskongress, der vom Bezirksamt Steglitz-Zehlendorf von Berlin und vom evangelischen Kirchenkreis Teltow-Zehlendorf veranstaltet wurde. Der Verein wurde am 19.8.2003 mit Bezug auf unseren Stadtbezirk unter dem Namen &#8222;Solarverein <a class=\"read-more\" href=\"https:\/\/solarverein-berlin.de\/?page_id=599\">&hellip; Weiterlesen &rarr;<\/a><\/p>\n","protected":false},"author":2,"featured_media":0,"parent":38,"menu_order":0,"comment_status":"closed","ping_status":"open","template":"page-templates\/left-nav-page.php","meta":{"footnotes":""},"class_list":["post-599","page","type-page","status-publish","hentry"],"_links":{"self":[{"href":"https:\/\/solarverein-berlin.de\/index.php?rest_route=\/wp\/v2\/pages\/599","targetHints":{"allow":["GET"]}}],"collection":[{"href":"https:\/\/solarverein-berlin.de\/index.php?rest_route=\/wp\/v2\/pages"}],"about":[{"href":"https:\/\/solarverein-berlin.de\/index.php?rest_route=\/wp\/v2\/types\/page"}],"author":[{"embeddable":true,"href":"https:\/\/solarverein-berlin.de\/index.php?rest_route=\/wp\/v2\/users\/2"}],"replies":[{"embeddable":true,"href":"https:\/\/solarverein-berlin.de\/index.php?rest_route=%2Fwp%2Fv2%2Fcomments&post=599"}],"version-history":[{"count":2,"href":"https:\/\/solarverein-berlin.de\/index.php?rest_route=\/wp\/v2\/pages\/599\/revisions"}],"predecessor-version":[{"id":1610,"href":"https:\/\/solarverein-berlin.de\/index.php?rest_route=\/wp\/v2\/pages\/599\/revisions\/1610"}],"up":[{"embeddable":true,"href":"https:\/\/solarverein-berlin.de\/index.php?rest_route=\/wp\/v2\/pages\/38"}],"wp:attachment":[{"href":"https:\/\/solarverein-berlin.de\/index.php?rest_route=%2Fwp%2Fv2%2Fmedia&parent=599"}],"curies":[{"name":"wp","href":"https:\/\/api.w.org\/{rel}","templated":true}]}}